{"id":104,"date":"2021-06-15T18:50:56","date_gmt":"2021-06-15T18:50:56","guid":{"rendered":"https:\/\/maisonazur.langmaack.de\/?page_id=104"},"modified":"2025-11-12T14:56:49","modified_gmt":"2025-11-12T13:56:49","slug":"preise","status":"publish","type":"page","link":"https:\/\/www.maisonazur-cogolin.de\/fr\/preise\/","title":{"rendered":"Les prix"},"content":{"rendered":"<h4>Les prix 2024 \/ 2025<\/h4>\n<div class=\"pt-cv-wrapper\"><div class=\"pt-cv-view pt-cv-scrollable pt-cv-colsys\" id=\"pt-cv-view-517e4bf9jb\"><div data-id=\"pt-cv-page-1\" class=\"pt-cv-page\" data-cvc=\"1\"><div id=\"c6a4be33my\" class=\"pt-cv-carousel pt-cv-slide\" data-ride=\"cvcarousel\" data-interval=false>\n<div class=\"carousel-inner\"><div class=\"item active\"><div class=\"row\"><div class=\"col-md-12 pt-cv-content-item pt-cv-1-col\" ><div class=\"pt-cv-carousel-caption pt-cv-cap-wo-img\"><div class=\"pt-cv-content\"><h3><span class=\"su-highlight\" style=\"background:#ddff99;color:#000000\">&nbsp;Preise 2025 \/ 2026&nbsp;<\/span>\n<div class=\"su-spacer\" style=\"height:20px\"><\/div><\/h3>\n<table class=\"has-subtle-pale-blue-background-color has-background\" style=\"height: 234px; border-style: solid; border-color: #5d6780;\" cellpadding=\"4px\">\n<tbody>\n<tr style=\"height: 26px;\">\n<td style=\"width: 209px; height: 26px;\"><strong>Zeitraum\/p\u00e9riode\/period<\/strong><\/td>\n<td style=\"width: 168px; height: 26px;\"><strong>Tag\/jour\/day<\/strong><\/td>\n<td style=\"width: 202px; height: 26px;\"><strong>Woche\/semaine\/week<\/strong><\/td>\n<\/tr>\n<tr>\n<td style=\"width: 209px;\"><strong>15.11.-26.12.<\/strong><\/td>\n<td style=\"width: 168px;\"><strong>75\u20ac<\/strong><\/td>\n<td style=\"width: 202px;\"><strong>525 \u20ac<\/strong><\/td>\n<\/tr>\n<tr style=\"height: 26px;\">\n<td style=\"width: 209px; height: 26px;\"><strong>01.01.-11.04.<\/strong><\/td>\n<td style=\"width: 168px; height: 26px;\"><strong>78 \u20ac<\/strong><\/td>\n<td style=\"width: 202px; height: 26px;\"><strong>546 \u20ac<\/strong><\/td>\n<\/tr>\n<tr style=\"height: 26px;\">\n<td style=\"width: 209px; height: 26px;\"><strong>11.04.-16.05.<\/strong><\/td>\n<td style=\"width: 168px; height: 26px;\"><strong>75 \u20ac<\/strong><\/td>\n<td style=\"width: 202px; height: 26px;\"><strong>525 \u20ac<\/strong><\/td>\n<\/tr>\n<tr style=\"height: 26px;\">\n<td style=\"width: 209px; height: 26px;\"><strong>16.05.-04.07.<\/strong><\/td>\n<td style=\"width: 168px; height: 26px;\"><strong>85 \u20ac<\/strong><\/td>\n<td style=\"width: 202px; height: 26px;\"><strong>595 \u20ac<\/strong><\/td>\n<\/tr>\n<tr style=\"height: 26px;\">\n<td style=\"width: 209px; height: 26px;\"><strong>04.07.-01.08.<\/strong><\/td>\n<td style=\"width: 168px; height: 26px;\"><strong>128 \u20ac&nbsp;<\/strong><\/td>\n<td style=\"width: 202px; height: 26px;\"><strong>896\u20ac&nbsp;<\/strong><\/td>\n<\/tr>\n<tr style=\"height: 26px;\">\n<td style=\"width: 209px; height: 26px;\"><strong>01.08.-29.08.<\/strong><\/td>\n<td style=\"width: 168px; height: 26px;\"><strong>135 \u20ac<\/strong><\/td>\n<td style=\"width: 202px; height: 26px;\"><strong>945\u20ac<\/strong><\/td>\n<\/tr>\n<tr style=\"height: 26px;\">\n<td style=\"width: 209px; height: 26px;\"><strong>29.08.-26.09.<\/strong><\/td>\n<td style=\"width: 168px; height: 26px;\"><strong>91 \u20ac<\/strong><\/td>\n<td style=\"width: 202px; height: 26px;\"><strong>637 \u20ac<\/strong><\/td>\n<\/tr>\n<tr style=\"height: 26px;\">\n<td style=\"width: 209px; height: 26px;\"><strong>26.09.-31.10.<\/strong><\/td>\n<td style=\"width: 168px; height: 26px;\"><strong>76 \u20ac&nbsp;<\/strong><\/td>\n<td style=\"width: 202px; height: 26px;\"><strong>532 \u20ac&nbsp;<\/strong><\/td>\n<\/tr>\n<tr style=\"height: 26px;\">\n<td style=\"width: 209px; height: 26px;\"><strong>31.10.-26.12.<\/strong><\/td>\n<td style=\"width: 168px; height: 26px;\"><strong>75 \u20ac&nbsp;<\/strong><\/td>\n<td style=\"width: 202px; height: 26px;\"><strong>525 \u20ac&nbsp;<\/strong><\/td>\n<\/tr>\n<\/tbody>\n<\/table>\n<p><\/p>\n<\/div><\/div><\/div><\/div><\/div><\/div>\n<\/div><\/div><\/div><\/div>\n<p>Chien 5\u20ac\/jour (max 70\u20ac), 1 chien autoris\u00e9!<\/p>\n<p>Un acompte de 25% doit \u00eatre vers\u00e9 \u00e0 la r\u00e9servation; un d\u00e9p\u00f4t de garantie de 200\u20ac sur place sera factur\u00e9 avec les frais de m\u00e9nage et la taxe de s\u00e9jour.<\/p>\n<hr>\n<p><strong><span class=\"has-inline-color has-vivid-cyan-blue-color\">Remarques<\/span><\/strong><\/p>\n<table style=\"width: 564px;\" cellpadding=\"4px\">\n<tbody>\n<tr>\n<td style=\"width: 385px;\"><strong>Nettoyage <\/strong>(obligatoire)<\/td>\n<td style=\"width: 179px;\"><strong>70,00 \u20ac <\/strong>(+chien 50\u20ac)<\/td>\n<\/tr>\n<tr>\n<td style=\"width: 385px;\"><strong>linge de lit<\/strong> (draps)<\/td>\n<td style=\"width: 179px;\"><strong>20,00 \u20ac<\/strong><\/td>\n<\/tr>\n<tr>\n<td style=\"width: 385px;\"><strong>lit b\u00e9b\u00e9<\/strong><\/td>\n<td style=\"width: 179px;\"><strong>15,00 \u20ac<\/strong><\/td>\n<\/tr>\n<tr>\n<td style=\"width: 385px;\"><strong>taxe de s\u00e9jour<\/strong><\/td>\n<td style=\"width: 179px;\"><strong>ca. 0,80 \u20ac<\/strong><\/td>\n<\/tr>\n<\/tbody>\n<\/table>\n","protected":false},"excerpt":{"rendered":"<p>Les prix 2024 \/ 2025 Chien 5\u20ac\/jour (max 70\u20ac), 1 chien autoris\u00e9! Un acompte de 25% doit \u00eatre vers\u00e9 \u00e0 la r\u00e9servation; un d\u00e9p\u00f4t de garantie de 200\u20ac sur place sera factur\u00e9 avec les frais de m\u00e9nage et la taxe de s\u00e9jour. Remarques Nettoyage (obligatoire) 70,00 \u20ac (+chien 50\u20ac) linge de lit (draps) 20,00 \u20ac &hellip; <\/p>\n<p class=\"link-more\"><a href=\"https:\/\/www.maisonazur-cogolin.de\/fr\/preise\/\" class=\"more-link\">Continuer la lecture<span class=\"screen-reader-text\"> de &laquo;&nbsp;Les prix&nbsp;&raquo;<\/span><\/a><\/p>\n","protected":false},"author":1,"featured_media":0,"parent":0,"menu_order":0,"comment_status":"closed","ping_status":"closed","template":"","meta":{"ngg_post_thumbnail":0,"footnotes":""},"class_list":["post-104","page","type-page","status-publish","hentry"],"translation":{"provider":"WPGlobus","version":"3.0.2","language":"fr","enabled_languages":["de","fr","gb"],"languages":{"de":{"title":true,"content":true,"excerpt":false},"fr":{"title":true,"content":true,"excerpt":false},"gb":{"title":true,"content":true,"excerpt":false}}},"aioseo_notices":[],"_links":{"self":[{"href":"https:\/\/www.maisonazur-cogolin.de\/fr\/wp-json\/wp\/v2\/pages\/104","targetHints":{"allow":["GET"]}}],"collection":[{"href":"https:\/\/www.maisonazur-cogolin.de\/fr\/wp-json\/wp\/v2\/pages"}],"about":[{"href":"https:\/\/www.maisonazur-cogolin.de\/fr\/wp-json\/wp\/v2\/types\/page"}],"author":[{"embeddable":true,"href":"https:\/\/www.maisonazur-cogolin.de\/fr\/wp-json\/wp\/v2\/users\/1"}],"replies":[{"embeddable":true,"href":"https:\/\/www.maisonazur-cogolin.de\/fr\/wp-json\/wp\/v2\/comments?post=104"}],"version-history":[{"count":67,"href":"https:\/\/www.maisonazur-cogolin.de\/fr\/wp-json\/wp\/v2\/pages\/104\/revisions"}],"predecessor-version":[{"id":1136,"href":"https:\/\/www.maisonazur-cogolin.de\/fr\/wp-json\/wp\/v2\/pages\/104\/revisions\/1136"}],"wp:attachment":[{"href":"https:\/\/www.maisonazur-cogolin.de\/fr\/wp-json\/wp\/v2\/media?parent=104"}],"curies":[{"name":"wp","href":"https:\/\/api.w.org\/{rel}","templated":true}]}}