{"id":1042,"date":"2024-03-24T14:17:02","date_gmt":"2024-03-24T13:17:02","guid":{"rendered":"https:\/\/www.maisonazur-cogolin.de\/?page_id=1042"},"modified":"2024-03-24T14:55:41","modified_gmt":"2024-03-24T13:55:41","slug":"cote-dazur","status":"publish","type":"page","link":"https:\/\/www.maisonazur-cogolin.de\/fr\/die-umgebung\/cote-dazur\/","title":{"rendered":"C\u00f4te d&rsquo;Azur"},"content":{"rendered":"<div class=\"flex flex-grow flex-col max-w-full\">\n<div class=\"min-h-[20px] text-message flex flex-col items-start gap-3 whitespace-pre-wrap break-words [.text-message+&amp;]:mt-5 overflow-x-auto\" data-message-author-role=\"assistant\" data-message-id=\"7303c697-10be-4614-b2d7-997002f884d7\">\n<div class=\"markdown prose w-full break-words dark:prose-invert light\">\n<p>La C\u00f4te d&rsquo;Azur, \u00e9galement connue sous le nom de \u00ab\u00a0C\u00f4te Bleue\u00a0\u00bb, est une r\u00e9gion c\u00f4ti\u00e8re spectaculaire du sud-est de la France, s&rsquo;\u00e9tendant le long de la M\u00e9diterran\u00e9e. Avec ses eaux bleues \u00e9blouissantes, ses villes c\u00f4ti\u00e8res pittoresques, ses ports de plaisance luxueux et ses plages baign\u00e9es de soleil, la C\u00f4te d&rsquo;Azur est une destination touristique pris\u00e9e par des visiteurs du monde entier.<\/p>\n<p>L&rsquo;une des destinations les plus c\u00e9l\u00e8bres de la C\u00f4te d&rsquo;Azur est la ville glamour de Cannes, qui accueille chaque ann\u00e9e le prestigieux Festival de Cannes. Ici, les visiteurs peuvent se promener le long de la c\u00e9l\u00e8bre Promenade de la Croisette, explorer des boutiques exclusives et marcher sur les traces des stars.<\/p>\n<figure id=\"attachment_1050\" aria-describedby=\"caption-attachment-1050\" style=\"width: 199px\" class=\"wp-caption alignleft\"><a href=\"https:\/\/www.maisonazur-cogolin.de\/wp-content\/uploads\/2024\/03\/Bild_2024-03-24_143634995.png\" target=\"_blank\" rel=\"noopener\" data-rel=\"lightbox-image-0\" data-rl_title=\"Monaco\" data-rl_caption=\"\" title=\"Monaco\"><img loading=\"lazy\" decoding=\"async\" class=\"wp-image-1050\" src=\"https:\/\/www.maisonazur-cogolin.de\/wp-content\/uploads\/2024\/03\/Bild_2024-03-24_143634995-150x150.png\" alt=\"\" width=\"199\" height=\"112\" srcset=\"https:\/\/www.maisonazur-cogolin.de\/wp-content\/uploads\/2024\/03\/Bild_2024-03-24_143634995-300x168.png 300w, https:\/\/www.maisonazur-cogolin.de\/wp-content\/uploads\/2024\/03\/Bild_2024-03-24_143634995-1024x575.png 1024w, https:\/\/www.maisonazur-cogolin.de\/wp-content\/uploads\/2024\/03\/Bild_2024-03-24_143634995-768x431.png 768w, https:\/\/www.maisonazur-cogolin.de\/wp-content\/uploads\/2024\/03\/Bild_2024-03-24_143634995-1536x862.png 1536w, https:\/\/www.maisonazur-cogolin.de\/wp-content\/uploads\/2024\/03\/Bild_2024-03-24_143634995-2048x1150.png 2048w\" sizes=\"auto, (max-width: 199px) 100vw, 199px\" \/><\/a><figcaption id=\"caption-attachment-1050\" class=\"wp-caption-text\">Monaco<\/figcaption><\/figure>\n<p>Non loin de l\u00e0 se trouve la principaut\u00e9 de Monaco, un haut lieu pour les amateurs de jeux de hasard. Les visiteurs peuvent visiter le magnifique Casino de Monte-Carlo, admirer les luxueux yachts dans le port et d\u00e9couvrir le charme de la vieille ville.<\/p>\n<p>La ville de Nice, la plus grande ville de la C\u00f4te d&rsquo;Azur, s\u00e9duit par son m\u00e9lange fascinant d&rsquo;\u00e9l\u00e9gance fran\u00e7aise et de flair m\u00e9diterran\u00e9en. La c\u00e9l\u00e8bre Promenade des Anglais invite \u00e0 la fl\u00e2nerie, tandis que le quartier historique avec ses ruelles \u00e9troites et ses march\u00e9s color\u00e9s offre un aper\u00e7u de la culture locale.<\/p>\n<figure id=\"attachment_1048\" aria-describedby=\"caption-attachment-1048\" style=\"width: 180px\" class=\"wp-caption alignright\"><a href=\"https:\/\/www.maisonazur-cogolin.de\/wp-content\/uploads\/2024\/03\/Bild_2024-03-24_143345615.png\" target=\"_blank\" rel=\"noopener\" data-rel=\"lightbox-image-1\" data-rl_title=\"Hotel Negresco in Nizza\" data-rl_caption=\"\" title=\"Hotel Negresco in Nizza\"><img loading=\"lazy\" decoding=\"async\" class=\"wp-image-1048\" src=\"https:\/\/www.maisonazur-cogolin.de\/wp-content\/uploads\/2024\/03\/Bild_2024-03-24_143345615-150x150.png\" alt=\"\" width=\"180\" height=\"101\" srcset=\"https:\/\/www.maisonazur-cogolin.de\/wp-content\/uploads\/2024\/03\/Bild_2024-03-24_143345615-300x168.png 300w, https:\/\/www.maisonazur-cogolin.de\/wp-content\/uploads\/2024\/03\/Bild_2024-03-24_143345615-1024x575.png 1024w, https:\/\/www.maisonazur-cogolin.de\/wp-content\/uploads\/2024\/03\/Bild_2024-03-24_143345615-768x431.png 768w, https:\/\/www.maisonazur-cogolin.de\/wp-content\/uploads\/2024\/03\/Bild_2024-03-24_143345615-1536x862.png 1536w, https:\/\/www.maisonazur-cogolin.de\/wp-content\/uploads\/2024\/03\/Bild_2024-03-24_143345615-2048x1150.png 2048w\" sizes=\"auto, (max-width: 180px) 100vw, 180px\" \/><\/a><figcaption id=\"caption-attachment-1048\" class=\"wp-caption-text\">le c\u00e9l\u00e8bre h\u00f4tel Negresco en Nice<\/figcaption><\/figure>\n<p>Pour les amoureux de la nature, la C\u00f4te d&rsquo;Azur offre \u00e9galement un paysage impressionnant avec des sentiers c\u00f4tiers pittoresques, des jardins m\u00e9diterran\u00e9ens luxuriants et des falaises imposantes. Le parc national du Mercantour propose des sentiers de randonn\u00e9e \u00e0 travers des paysages montagneux pr\u00e9serv\u00e9s et des vues imprenables sur la c\u00f4te.<\/p>\n<figure id=\"attachment_1053\" aria-describedby=\"caption-attachment-1053\" style=\"width: 170px\" class=\"wp-caption alignleft\"><a href=\"https:\/\/www.maisonazur-cogolin.de\/wp-content\/uploads\/2024\/03\/Frankreich_20231006-121816.jpg\" target=\"_blank\" rel=\"noopener\" data-rel=\"lightbox-image-2\" data-rl_title=\"Delikatessen\" data-rl_caption=\"\" title=\"Delikatessen\"><img loading=\"lazy\" decoding=\"async\" class=\"wp-image-1053\" src=\"https:\/\/www.maisonazur-cogolin.de\/wp-content\/uploads\/2024\/03\/Frankreich_20231006-121816-150x150.jpg\" alt=\"\" width=\"170\" height=\"97\" srcset=\"https:\/\/www.maisonazur-cogolin.de\/wp-content\/uploads\/2024\/03\/Frankreich_20231006-121816-300x171.jpg 300w, https:\/\/www.maisonazur-cogolin.de\/wp-content\/uploads\/2024\/03\/Frankreich_20231006-121816-1024x585.jpg 1024w, https:\/\/www.maisonazur-cogolin.de\/wp-content\/uploads\/2024\/03\/Frankreich_20231006-121816-768x439.jpg 768w, https:\/\/www.maisonazur-cogolin.de\/wp-content\/uploads\/2024\/03\/Frankreich_20231006-121816-1536x878.jpg 1536w, https:\/\/www.maisonazur-cogolin.de\/wp-content\/uploads\/2024\/03\/Frankreich_20231006-121816-2048x1171.jpg 2048w\" sizes=\"auto, (max-width: 170px) 100vw, 170px\" \/><\/a><figcaption id=\"caption-attachment-1053\" class=\"wp-caption-text\">gourmandises<\/figcaption><\/figure>\n<p>La C\u00f4te d&rsquo;Azur est \u00e9galement r\u00e9put\u00e9e pour ses d\u00e9lices culinaires exquis, des fruits de mer frais aux sp\u00e9cialit\u00e9s proven\u00e7ales en passant par les vins raffin\u00e9s de la r\u00e9gion. Dans les nombreux restaurants le long de la c\u00f4te, les visiteurs peuvent savourer la d\u00e9licieuse cuisine m\u00e9diterran\u00e9enne dans une atmosph\u00e8re idyllique.<\/p>\n<p>Que vous soyez int\u00e9ress\u00e9 par des croisi\u00e8res de luxe en yacht, des explorations culturelles ou des journ\u00e9es de d\u00e9tente \u00e0 la plage, la C\u00f4te d&rsquo;Azur propose une exp\u00e9rience de vacances adapt\u00e9e \u00e0 tous les go\u00fbts. Avec son ensoleillement \u00e9blouissant, son \u00e9l\u00e9gance et sa beaut\u00e9 incomparable, la C\u00f4te d&rsquo;Azur est sans aucun doute un paradis pour tous les voyageurs.<\/p>\n<\/div>\n<\/div>\n<\/div>\n","protected":false},"excerpt":{"rendered":"<p>La C\u00f4te d&rsquo;Azur, \u00e9galement connue sous le nom de \u00ab\u00a0C\u00f4te Bleue\u00a0\u00bb, est une r\u00e9gion c\u00f4ti\u00e8re spectaculaire du sud-est de la France, s&rsquo;\u00e9tendant le long de la M\u00e9diterran\u00e9e. Avec ses eaux bleues \u00e9blouissantes, ses villes c\u00f4ti\u00e8res pittoresques, ses ports de plaisance luxueux et ses plages baign\u00e9es de soleil, la C\u00f4te d&rsquo;Azur est une destination touristique pris\u00e9e &hellip; <\/p>\n<p class=\"link-more\"><a href=\"https:\/\/www.maisonazur-cogolin.de\/fr\/die-umgebung\/cote-dazur\/\" class=\"more-link\">Continuer la lecture<span class=\"screen-reader-text\"> de &laquo;&nbsp;C\u00f4te d&rsquo;Azur&nbsp;&raquo;<\/span><\/a><\/p>\n","protected":false},"author":1,"featured_media":0,"parent":654,"menu_order":2,"comment_status":"closed","ping_status":"closed","template":"","meta":{"ngg_post_thumbnail":0,"footnotes":""},"class_list":["post-1042","page","type-page","status-publish","hentry"],"translation":{"provider":"WPGlobus","version":"3.0.2","language":"fr","enabled_languages":["de","fr","gb"],"languages":{"de":{"title":true,"content":true,"excerpt":false},"fr":{"title":true,"content":true,"excerpt":false},"gb":{"title":true,"content":true,"excerpt":false}}},"aioseo_notices":[],"_links":{"self":[{"href":"https:\/\/www.maisonazur-cogolin.de\/fr\/wp-json\/wp\/v2\/pages\/1042","targetHints":{"allow":["GET"]}}],"collection":[{"href":"https:\/\/www.maisonazur-cogolin.de\/fr\/wp-json\/wp\/v2\/pages"}],"about":[{"href":"https:\/\/www.maisonazur-cogolin.de\/fr\/wp-json\/wp\/v2\/types\/page"}],"author":[{"embeddable":true,"href":"https:\/\/www.maisonazur-cogolin.de\/fr\/wp-json\/wp\/v2\/users\/1"}],"replies":[{"embeddable":true,"href":"https:\/\/www.maisonazur-cogolin.de\/fr\/wp-json\/wp\/v2\/comments?post=1042"}],"version-history":[{"count":9,"href":"https:\/\/www.maisonazur-cogolin.de\/fr\/wp-json\/wp\/v2\/pages\/1042\/revisions"}],"predecessor-version":[{"id":1051,"href":"https:\/\/www.maisonazur-cogolin.de\/fr\/wp-json\/wp\/v2\/pages\/1042\/revisions\/1051"}],"up":[{"embeddable":true,"href":"https:\/\/www.maisonazur-cogolin.de\/fr\/wp-json\/wp\/v2\/pages\/654"}],"wp:attachment":[{"href":"https:\/\/www.maisonazur-cogolin.de\/fr\/wp-json\/wp\/v2\/media?parent=1042"}],"curies":[{"name":"wp","href":"https:\/\/api.w.org\/{rel}","templated":true}]}}