{"id":2,"date":"2016-05-10T03:48:21","date_gmt":"2016-05-10T03:48:21","guid":{"rendered":"http:\/\/maisonazur.langmaack.de\/?page_id=2"},"modified":"2024-11-07T07:55:04","modified_gmt":"2024-11-07T06:55:04","slug":"sample-page","status":"publish","type":"page","link":"https:\/\/www.maisonazur-cogolin.de\/fr\/","title":{"rendered":"Vacances sur la C\u00f4te d&rsquo;Azur"},"content":{"rendered":"<div class=\"rolo_wrapper default rolo_wrapper4 force-width\"><div id=\"rolo_872_3\" class=\"owl-carousel rolo_slider clearfix \" data-anm=\"fade\" data-hgh=\"780\" data-slsp=\"200\" data-autp=\"on\" data-autps=\"6700\" data-hsb=\"\" data-scr=\"off\" data-bul=\"on\" data-autst=\"off\" data-fw=\"yes\"><div class=\"item\"><div class=\"slide-img\" style=\"background-image: url(https:\/\/www.maisonazur-cogolin.de\/wp-content\/uploads\/2021\/06\/cropped-cropped-IMG_20210518_064716-scaled-2.jpg)\" data-tanm=\"slideup\" data-tanmdur=\"\" data-tanmdel=\"\" data-tanmv=\"\" data-stanm=\"slideup\" data-stanmdur=\"\" data-stanmdel=\"\" data-stanmv=\"\" data-danm=\"slideup\" data-danmdur=\"\" data-danmdel=\"\" data-danmv=\"\" data-banm=\"slideup\" data-banmdur=\"\" data-banmdel=\"\" data-banmv=\"\"><\/div><div class='slider-meta-outer-wrap left middle has-caption'><div class='slider-meta-wrap'><div class='slide-layer'><h3 class='slider-title'>vue sur la piscine et mer<\/h3><\/div><div class='slide-layer'><h4 class='slider-subtitle'>Maison Azur<\/h4><\/div><div class='slide-layer'><p class='slide-desc'>Village de Campagne<\/p><\/div><div class='slider-buttons'><a href='\/fr\/reservierung\/' class='slider-button slider-button-1'>r\u00e9servation<\/a><\/div><\/div><\/div><\/div><div class=\"item\"><div class=\"slide-img\" style=\"background-image: url(https:\/\/www.maisonazur-cogolin.de\/wp-content\/uploads\/2022\/09\/IMG_20220415_111006.jpg)\" data-tanm=\"slidedwn\" data-tanmdur=\"3000\" data-tanmdel=\"\" data-tanmv=\"\" data-stanm=\"slideup\" data-stanmdur=\"\" data-stanmdel=\"\" data-stanmv=\"\" data-danm=\"slideup\" data-danmdur=\"\" data-danmdel=\"\" data-danmv=\"\" data-banm=\"slidedwn\" data-banmdur=\"\" data-banmdel=\"\" data-banmv=\"\"><\/div><div class='slider-meta-outer-wrap left middle has-caption'><div class='slider-meta-wrap'><div class='slide-layer'><h3 class='slider-title'>Vues m\u00e9diterran\u00e9ennes<\/h3><\/div><div class='slide-layer'><h4 class='slider-subtitle'>eau turquoise<\/h4><\/div><div class='slider-buttons'><a href='\/fr\/reservierung\/' class='slider-button slider-button-1'>r\u00e9servation<\/a><\/div><\/div><\/div><\/div><div class=\"item\"><div class=\"slide-img\" style=\"background-image: url(https:\/\/www.maisonazur-cogolin.de\/wp-content\/uploads\/2022\/09\/IMG_20220416_213542-e1692258889687.jpg)\" data-tanm=\"fade\" data-tanmdur=\"\" data-tanmdel=\"\" data-tanmv=\"\" data-stanm=\"slideup\" data-stanmdur=\"\" data-stanmdel=\"100\" data-stanmv=\"\" data-danm=\"slideup\" data-danmdur=\"\" data-danmdel=\"\" data-danmv=\"\" data-banm=\"fade\" data-banmdur=\"\" data-banmdel=\"\" data-banmv=\"\"><\/div><div class='slider-meta-outer-wrap center middle has-caption'><div class='slider-meta-wrap'><div class='slide-layer'><h3 class='slider-title'>Ambiance du soir \u00e0 Grimaud<\/h3><\/div><div class='slide-layer'><h4 class='slider-subtitle'>l\u2019un des plus beaux villages du sud<\/h4><\/div><div class='slider-buttons'><a href='\/fr\/reservierung\/' class='slider-button slider-button-1'>r\u00e9servation<\/a><\/div><\/div><\/div><\/div><div class=\"item\"><div class=\"slide-img\" style=\"background-image: url(https:\/\/www.maisonazur-cogolin.de\/wp-content\/uploads\/2023\/02\/cropped-VdC_20230124-120700.jpg)\" data-tanm=\"fade\" data-tanmdur=\"\" data-tanmdel=\"\" data-tanmv=\"\" data-stanm=\"slideup\" data-stanmdur=\"\" data-stanmdel=\"\" data-stanmv=\"\" data-danm=\"slideup\" data-danmdur=\"\" data-danmdel=\"\" data-danmv=\"\" data-banm=\"fade\" data-banmdur=\"\" data-banmdel=\"\" data-banmv=\"\"><\/div><div class='slider-meta-outer-wrap right middle has-caption'><div class='slider-meta-wrap'><div class='slide-layer'><h3 class='slider-title'>Saint Tropez<\/h3><\/div><div class='slide-layer'><h4 class='slider-subtitle'>Hotspot sur la C\u00f4te d\u2019Azur<\/h4><\/div><div class='slide-layer'><p class='slide-desc'>\u00e0 proximit\u00e9 imm\u00e9diate<\/p><\/div><div class='slider-buttons'><a href='\/fr\/maison-azur\/' class='slider-button slider-button-1'>infos sur la maison<\/a><\/div><\/div><\/div><\/div><\/div><\/div>\r\n<hr>\r\n\n\t<style type=\"text\/css\">\n\t\t#wptu-ticker-style-1 {border-color: #2096CD;}\n\t\t#wptu-ticker-style-1 .wptu-style-label {background-color: #2096CD;}\n\t\t#wptu-ticker-style-1 .wptu-style-label-title {color: #fff;}\n\t\t#wptu-ticker-style-1 .wptu-style-label > span {border-color: transparent transparent transparent #2096CD;}\n\t\t#wptu-ticker-style-1.wpos-direction-rtl .wptu-style-label > span {border-color: transparent #2096CD transparent transparent;}\n\t\t#wptu-ticker-style-1 .wptu-style-news a:hover {color: #2096CD;}\n\t\t#wptu-ticker-style-1 .wptu-style-news a {color: #0693e3;}\n\t<\/style>\n\n\t<div class=\"wptu-ticker-wrp wptu-news-ticker wpos-news-ticker wptu-clearfix \" id=\"wptu-ticker-style-1\" data-conf=\"{&quot;effect&quot;:&quot;typography&quot;,&quot;fontstyle&quot;:&quot;bold&quot;,&quot;autoplay&quot;:&quot;true&quot;,&quot;timer&quot;:4000,&quot;border&quot;:1}\">\n\n\t\t\t\t\t<div class=\"wpos-label wptu-style-label\">\n\t\t\t\t<div class=\"wptu-style-label-title\">!<\/div>\n\t\t\t\t<span><\/span>\n\t\t\t<\/div>\n\t\t\n\t\t<div class=\"wpos-controls wptu-style-controls\">\n\t\t\t<div class=\"wpos-icons wptu-arrows\">\n\t\t\t\t<span class=\"wpos-arrow wpos-prev\"><\/span>\n\t\t\t<\/div>\n\t\t\t<div class=\"wpos-icons wptu-arrows\">\n\t\t\t\t<span class=\"wpos-arrow wpos-next\"><\/span>\n\t\t\t<\/div>\n\t\t<\/div>\n\n\t\t<div class=\"wpos-news wptu-style-news\">\n\t\t\t<ul>\n\t\t\t\t\t\t\t\t\t<li>\n\t\t\t\t\t\t\t\t\t\t\t\t\t<a class=\"wptu-ticker-news wpos-ticker-news\" href=\"https:\/\/www.maisonazur-cogolin.de\/reservierung\/\" target=\"_self\">printemps sur la c\u00f4te d\u2019azur &#8230;<\/a>\n\t\t\t\t\t\t\t\t\t\t\t<\/li>\n\t\t\t\t\t\t\t\t\t<li>\n\t\t\t\t\t\t\t\t\t\t\t\t\t<a class=\"wptu-ticker-news wpos-ticker-news\" href=\"https:\/\/www.maisonazur-cogolin.de\/reservierung\/\" target=\"_self\">R\u00e9servez d\u00e8s maintenant les dates les plus convoit\u00e9s pour 2026<\/a>\n\t\t\t\t\t\t\t\t\t\t\t<\/li>\n\t\t\t\t\t\t\t\t\t<li>\n\t\t\t\t\t\t\t\t\t\t\t\t\t<a class=\"wptu-ticker-news wpos-ticker-news\" href=\"https:\/\/www.maisonazur-cogolin.de\/reservierung\/\" target=\"_self\">dates disponibles dans la Maison Azur<\/a>\n\t\t\t\t\t\t\t\t\t\t\t<\/li>\n\t\t\t\t\t\t\t<\/ul>\n\t\t<\/div>\n\t<\/div>\n\n\t\r\n<p><\/p>\r\n<p>Le soleil, la plage et la mer turquoise &#8211; c\u2019est presque naturel si vous pr\u00e9voyez des vacances en M\u00e9diterran\u00e9e.<img loading=\"lazy\" decoding=\"async\" class=\"size-thumbnail wp-image-28 alignright\" src=\"https:\/\/maisonazur.langmaack.de\/wp-content\/uploads\/2021\/06\/cropped-IMG_20210517_192042-scaled-1-150x150.jpg\" alt=\"Savoir vivre\" width=\"150\" height=\"150\" srcset=\"https:\/\/www.maisonazur-cogolin.de\/wp-content\/uploads\/2021\/06\/cropped-IMG_20210517_192042-scaled-1-150x150.jpg 150w, https:\/\/www.maisonazur-cogolin.de\/wp-content\/uploads\/2021\/06\/cropped-IMG_20210517_192042-scaled-1-100x100.jpg 100w\" sizes=\"auto, (max-width: 150px) 100vw, 150px\" \/><\/p>\r\n<p><\/p>\r\n<p><\/p>\r\n<p>Mais la Provence &#8211; ou PACA, la r\u00e9gion <strong>Provence Alpes C\u00f4te d\u2019Azur<\/strong> &#8211; offre bien plus. Ce sont des r\u00e9serves naturelles, des villes pittoresques avec des ruelles sans fin, mais aussi des attractions touristiques sur la c\u00f4te comme<strong> Saint Tropez<\/strong>, Fr\u00e9jus, Cannes et <strong>Nice<\/strong>.<\/p>\r\n<p><\/p>\r\n<p><\/p>\r\n<p>On trouve \u00e0 proximit\u00e9 imm\u00e9diate Grimaud et le<strong> Port Grimaud<\/strong>, \u00e9galement appel\u00e9 \u00ab\u00a0Venise fran\u00e7aise\u00a0\u00bb, Cogolin et la r\u00e9serve naturelle de la <strong>Plaine de Maures<\/strong>.<\/p>\r\n<p>Une tr\u00e8s belle page d\u2019information sur Grimaud et ses environs se trouve sur <a title=\"Visit Grimaud\" href=\"https:\/\/www.grimaud-provence.com\/\" target=\"_blank\" rel=\"noopener\">https:\/\/www.grimaud-provence.com\/<\/a>.<\/p>\r\n<p><\/p>\r\n<p><\/p>\r\n<p><img loading=\"lazy\" decoding=\"async\" class=\"size-medium wp-image-188 alignleft\" src=\"https:\/\/maisonazur.langmaack.de\/wp-content\/uploads\/2021\/06\/lavender-field-1899575_1280-300x188.jpg\" alt=\"Lavendelfeld bei Valensole\" width=\"300\" height=\"188\" srcset=\"https:\/\/www.maisonazur-cogolin.de\/wp-content\/uploads\/2021\/06\/lavender-field-1899575_1280-300x188.jpg 300w, https:\/\/www.maisonazur-cogolin.de\/wp-content\/uploads\/2021\/06\/lavender-field-1899575_1280-1024x643.jpg 1024w, https:\/\/www.maisonazur-cogolin.de\/wp-content\/uploads\/2021\/06\/lavender-field-1899575_1280-768x482.jpg 768w, https:\/\/www.maisonazur-cogolin.de\/wp-content\/uploads\/2021\/06\/lavender-field-1899575_1280.jpg 1280w\" sizes=\"auto, (max-width: 300px) 100vw, 300px\" \/>Si l\u2019on regarde un peu plus loin, on atteint les <strong>Gorges du Verdon<\/strong> et le Lac de Sainte-Croix, et derri\u00e8re, on commence les champs de lavande sans fin de <strong>Valensole<\/strong> avec des villes remarquables comme <strong>Manosque<\/strong> et <strong>Sisteron<\/strong>.<\/p>\r\n<p><\/p>\r\n<p><\/p>\r\n<p>D\u2019autres points forts sont <strong>l\u2019Abbaye du Thoronet<\/strong>, la ville antique d\u2019Olbia ou <strong>l\u2019\u00eele de Porquerolles <\/strong><\/p>\r\n<p>Des villes connues comme <strong>Aix-en-Provence<\/strong>, <strong>Avignon<\/strong> ou encore <strong>Marseille<\/strong> sont certainement connues de beaucoup d\u2019entre elles.<\/p>\r\n<p><\/p>\r\n<p><\/p>\r\n<p>Que vous pr\u00e9f\u00e9riez la fr\u00e9n\u00e9sie des villes florissantes, les march\u00e9s c\u00e9l\u00e8bres ou le calme de l\u2019arri\u00e8re-pays, celui qui le souhaite trouvera le bon! Et avec des vacances, on ne peut pas tout couvrir.<\/p>\r\n<p>En hiver, on peut m\u00eame atteindre les stations de ski en 2 heures.<\/p>\r\n<p><a href=\"\/fr\/maison-azur\/\">Galerie de photos de la maison<\/a><\/p>\r\n<p><\/p>\r\n<p><\/p>\r\n<p><\/p>\r\n<!-- \/wp:post-content -->\r\n<p>&nbsp;<\/p>\r\n<p>&nbsp;<\/p>\r\n<p>&nbsp;<\/p>","protected":false},"excerpt":{"rendered":"<p>Le soleil, la plage et la mer turquoise &#8211; c\u2019est presque naturel si vous pr\u00e9voyez des vacances en M\u00e9diterran\u00e9e. Mais la Provence &#8211; ou PACA, la r\u00e9gion Provence Alpes C\u00f4te d\u2019Azur &#8211; offre bien plus. Ce sont des r\u00e9serves naturelles, des villes pittoresques avec des ruelles sans fin, mais aussi des attractions touristiques sur la &hellip; <\/p>\n<p class=\"link-more\"><a href=\"https:\/\/www.maisonazur-cogolin.de\/fr\/?wptu_ticker=freie-termine\" class=\"more-link\">Continuer la lecture<span class=\"screen-reader-text\"> de &laquo;&nbsp;dates disponibles dans la Maison Azur&nbsp;&raquo;<\/span><\/a><\/p>\n","protected":false},"author":1,"featured_media":0,"parent":0,"menu_order":0,"comment_status":"closed","ping_status":"open","template":"template-full-width.php","meta":{"ngg_post_thumbnail":0,"footnotes":""},"class_list":["post-2","page","type-page","status-publish","hentry"],"translation":{"provider":"WPGlobus","version":"3.0.2","language":"fr","enabled_languages":["de","fr","gb"],"languages":{"de":{"title":true,"content":true,"excerpt":false},"fr":{"title":true,"content":true,"excerpt":false},"gb":{"title":true,"content":true,"excerpt":false}}},"aioseo_notices":[],"_links":{"self":[{"href":"https:\/\/www.maisonazur-cogolin.de\/fr\/wp-json\/wp\/v2\/pages\/2","targetHints":{"allow":["GET"]}}],"collection":[{"href":"https:\/\/www.maisonazur-cogolin.de\/fr\/wp-json\/wp\/v2\/pages"}],"about":[{"href":"https:\/\/www.maisonazur-cogolin.de\/fr\/wp-json\/wp\/v2\/types\/page"}],"author":[{"embeddable":true,"href":"https:\/\/www.maisonazur-cogolin.de\/fr\/wp-json\/wp\/v2\/users\/1"}],"replies":[{"embeddable":true,"href":"https:\/\/www.maisonazur-cogolin.de\/fr\/wp-json\/wp\/v2\/comments?post=2"}],"version-history":[{"count":60,"href":"https:\/\/www.maisonazur-cogolin.de\/fr\/wp-json\/wp\/v2\/pages\/2\/revisions"}],"predecessor-version":[{"id":1101,"href":"https:\/\/www.maisonazur-cogolin.de\/fr\/wp-json\/wp\/v2\/pages\/2\/revisions\/1101"}],"wp:attachment":[{"href":"https:\/\/www.maisonazur-cogolin.de\/fr\/wp-json\/wp\/v2\/media?parent=2"}],"curies":[{"name":"wp","href":"https:\/\/api.w.org\/{rel}","templated":true}]}}