{"id":617,"date":"2023-02-15T22:08:09","date_gmt":"2023-02-15T22:08:09","guid":{"rendered":"https:\/\/maisonazur.langmaack.de\/?page_id=617"},"modified":"2024-01-09T08:45:13","modified_gmt":"2024-01-09T07:45:13","slug":"cogolin","status":"publish","type":"page","link":"https:\/\/www.maisonazur-cogolin.de\/fr\/die-umgebung\/cogolin\/","title":{"rendered":"Cogolin"},"content":{"rendered":"<p>Cogolin est une commune fran\u00e7aise du d\u00e9partement du Var dans la r\u00e9gion Provence-Alpes-C\u00f4te d\u2019Azur, dans le sud-est de la France. La ville est situ\u00e9e \u00e0 environ 10 kilom\u00e8tres \u00e0 l\u2019ouest de Saint-Tropez et \u00e0 50 kilom\u00e8tres \u00e0 l\u2019est de Toulon. La municipalit\u00e9 compte environ 11000 habitants et est devenue une destination touristique populaire ces derni\u00e8res ann\u00e9es.<\/p>\n<figure id=\"attachment_625\" aria-describedby=\"caption-attachment-625\" style=\"width: 300px\" class=\"wp-caption alignleft\"><img loading=\"lazy\" decoding=\"async\" class=\"size-medium wp-image-625\" src=\"\/wp-content\/uploads\/2023\/02\/IMG_20210522_171520-300x188.jpg\" alt=\"\" width=\"300\" height=\"188\" srcset=\"https:\/\/www.maisonazur-cogolin.de\/wp-content\/uploads\/2023\/02\/IMG_20210522_171520-300x188.jpg 300w, https:\/\/www.maisonazur-cogolin.de\/wp-content\/uploads\/2023\/02\/IMG_20210522_171520-1024x643.jpg 1024w, https:\/\/www.maisonazur-cogolin.de\/wp-content\/uploads\/2023\/02\/IMG_20210522_171520-768x483.jpg 768w, https:\/\/www.maisonazur-cogolin.de\/wp-content\/uploads\/2023\/02\/IMG_20210522_171520-1536x965.jpg 1536w, https:\/\/www.maisonazur-cogolin.de\/wp-content\/uploads\/2023\/02\/IMG_20210522_171520-2048x1287.jpg 2048w\" sizes=\"auto, (max-width: 300px) 100vw, 300px\" \/><figcaption id=\"caption-attachment-625\" class=\"wp-caption-text\">H\u00f4tel de ville de Cogolin<\/figcaption><\/figure>\n<p>En Cogolin organise \u00e9galement r\u00e9guli\u00e8rement des march\u00e9s vendant des produits locaux tels que des fruits et l\u00e9gumes, de l\u2019huile d\u2019olive, du miel et du vin. Un point culminant est le march\u00e9 le samedi matin, o\u00f9 des produits artisanaux et des souvenirs sont \u00e9galement offerts. Au d\u00e9but du mois de septembre, la F\u00eate Proven\u00e7ale permet aux visiteurs de d\u00e9couvrir de nombreuses coutumes proven\u00e7ales.<\/p>\n<p>Cogolin est \u00e9galement connu pour sa situation \u00e0 proximit\u00e9 de la c\u00f4te et des plages de Saint-Tropez, Ramatuelle et la p\u00e9ninsule de Saint-Tropez. La r\u00e9gion offre de nombreuses possibilit\u00e9s de loisirs comme la randonn\u00e9e, le v\u00e9lo, les sports nautiques, les excursions en bateau et les activit\u00e9s de plage. Sur la c\u00f4te se trouve Les Marines de Cogolin, avec une plage de sable fin et un grand port de plaisance de 1800 places, similaire \u00e0 celui de Port Grimaud.<\/p>\n<p>Dans l\u2019ensemble, Cogolin est une ville charmante avec une histoire riche et une vari\u00e9t\u00e9 d\u2019options de loisirs qui attire les touristes et les habitants.<\/p>\n<p>Vous trouverez des informations sur la Cogolin (ainsi que sur toutes les communes voisines) sur la <a title=\"information touristique\" href=\"https:\/\/www.golfe-saint-tropez-information.com\/\" target=\"_blank\" rel=\"noopener\">information touristique<\/a><\/p>\n","protected":false},"excerpt":{"rendered":"<p>Cogolin est une commune fran\u00e7aise du d\u00e9partement du Var dans la r\u00e9gion Provence-Alpes-C\u00f4te d\u2019Azur, dans le sud-est de la France. La ville est situ\u00e9e \u00e0 environ 10 kilom\u00e8tres \u00e0 l\u2019ouest de Saint-Tropez et \u00e0 50 kilom\u00e8tres \u00e0 l\u2019est de Toulon. La municipalit\u00e9 compte environ 11000 habitants et est devenue une destination touristique populaire ces derni\u00e8res &hellip; <\/p>\n<p class=\"link-more\"><a href=\"https:\/\/www.maisonazur-cogolin.de\/fr\/die-umgebung\/cogolin\/\" class=\"more-link\">Continuer la lecture<span class=\"screen-reader-text\"> de &laquo;&nbsp;Cogolin&nbsp;&raquo;<\/span><\/a><\/p>\n","protected":false},"author":1,"featured_media":0,"parent":654,"menu_order":1,"comment_status":"closed","ping_status":"closed","template":"","meta":{"ngg_post_thumbnail":0,"footnotes":""},"class_list":["post-617","page","type-page","status-publish","hentry"],"translation":{"provider":"WPGlobus","version":"3.0.2","language":"fr","enabled_languages":["de","fr","gb"],"languages":{"de":{"title":true,"content":true,"excerpt":false},"fr":{"title":true,"content":true,"excerpt":false},"gb":{"title":true,"content":true,"excerpt":false}}},"aioseo_notices":[],"_links":{"self":[{"href":"https:\/\/www.maisonazur-cogolin.de\/fr\/wp-json\/wp\/v2\/pages\/617","targetHints":{"allow":["GET"]}}],"collection":[{"href":"https:\/\/www.maisonazur-cogolin.de\/fr\/wp-json\/wp\/v2\/pages"}],"about":[{"href":"https:\/\/www.maisonazur-cogolin.de\/fr\/wp-json\/wp\/v2\/types\/page"}],"author":[{"embeddable":true,"href":"https:\/\/www.maisonazur-cogolin.de\/fr\/wp-json\/wp\/v2\/users\/1"}],"replies":[{"embeddable":true,"href":"https:\/\/www.maisonazur-cogolin.de\/fr\/wp-json\/wp\/v2\/comments?post=617"}],"version-history":[{"count":21,"href":"https:\/\/www.maisonazur-cogolin.de\/fr\/wp-json\/wp\/v2\/pages\/617\/revisions"}],"predecessor-version":[{"id":1036,"href":"https:\/\/www.maisonazur-cogolin.de\/fr\/wp-json\/wp\/v2\/pages\/617\/revisions\/1036"}],"up":[{"embeddable":true,"href":"https:\/\/www.maisonazur-cogolin.de\/fr\/wp-json\/wp\/v2\/pages\/654"}],"wp:attachment":[{"href":"https:\/\/www.maisonazur-cogolin.de\/fr\/wp-json\/wp\/v2\/media?parent=617"}],"curies":[{"name":"wp","href":"https:\/\/api.w.org\/{rel}","templated":true}]}}