{"id":62,"date":"2021-06-15T09:57:35","date_gmt":"2021-06-15T09:57:35","guid":{"rendered":"https:\/\/maisonazur.langmaack.de\/?page_id=62"},"modified":"2024-02-27T15:19:20","modified_gmt":"2024-02-27T14:19:20","slug":"departementvar","status":"publish","type":"page","link":"https:\/\/www.maisonazur-cogolin.de\/fr\/die-umgebung\/departementvar\/","title":{"rendered":"Departement Var"},"content":{"rendered":"<div class=\"pt-cv-wrapper\"><div class=\"pt-cv-view pt-cv-grid pt-cv-colsys\" id=\"pt-cv-view-85a337d7uz\"><div data-id=\"pt-cv-page-1\" class=\"pt-cv-page\" data-cvc=\"1\"><div class=\"col-md-12 col-sm-12 col-xs-12 pt-cv-content-item pt-cv-1-col\" ><div class='pt-cv-ifield'><div class=\"pt-cv-content\"><figure class=\"wp-block-image size-large is-style-rounded\"><img loading=\"lazy\" decoding=\"async\" class=\"wp-image-134\" src=\"\/wp-content\/uploads\/2021\/06\/map-var-1024x656.jpg\" sizes=\"auto, (max-width: 767px) 89vw, (max-width: 1000px) 54vw, (max-width: 1071px) 543px, 580px\" srcset=\"\/wp-content\/uploads\/2021\/06\/map-var-1024x656.jpg 1024w, \/wp-content\/uploads\/2021\/06\/map-var-300x192.jpg 300w, \/wp-content\/uploads\/2021\/06\/map-var-768x492.jpg 768w, \/wp-content\/uploads\/2021\/06\/map-var.jpg 1083w\" alt=\"Department Var\" width=\"1024\" height=\"656\"\/>\r\n<figcaption>Departement Var (Open Street Map)<\/figcaption>\r\n<\/figure><\/div><\/div><\/div><\/div><\/div><\/div>\r\n<p><\/p>\r\n<p>Le d\u00e9partement du Var (FR-83) est situ\u00e9 dans le sud-est de la France. Elle appartient \u00e0 la r\u00e9gion Provence-Alpes-C\u00f4te d&rsquo;Azur et a le si\u00e8ge de la pr\u00e9fecture \u00e0 Toulon. Le Var compte un peu plus d&rsquo;1 million d&rsquo;habitants dans 153 communes.<\/p>\r\n<p><img loading=\"lazy\" decoding=\"async\" class=\"size-full wp-image-355 alignleft\" src=\"https:\/\/maisonazur-cogolin.de\/wp-content\/uploads\/2022\/01\/map-var.png\" alt=\"\" width=\"224\" height=\"225\" srcset=\"https:\/\/www.maisonazur-cogolin.de\/wp-content\/uploads\/2022\/01\/map-var.png 224w, https:\/\/www.maisonazur-cogolin.de\/wp-content\/uploads\/2022\/01\/map-var-150x150.png 150w, https:\/\/www.maisonazur-cogolin.de\/wp-content\/uploads\/2022\/01\/map-var-100x100.png 100w\" sizes=\"auto, (max-width: 224px) 100vw, 224px\" \/>C\u00f4t\u00e9 littoral, elle se situe entre les d\u00e9partements des Bouches-du-Rh\u00f4ne (Marseille) et des Alpes-Maritimes (Nice).<\/p>\r\n<p>La r\u00e9gion est difficile \u00e0 battre en termes de diversit\u00e9 et offre le bon pour tous les go\u00fbts. Cela concerne aussi bien l\u2019offre de nature que les possibilit\u00e9s de loisirs. L\u2019embarras du choix est laiss\u00e9 \u00e0 chacun.<\/p>\r\n<p>La page officielle du tourisme se trouve sur <a href=\"https:\/\/www.visitvar.fr\/\">https:\/\/www.visitvar.fr\/<\/a><\/p>\r\n<p><img loading=\"lazy\" decoding=\"async\" class=\"size-medium wp-image-199 alignright\" src=\"https:\/\/maisonazur-cogolin.de\/wp-content\/uploads\/2021\/06\/IMG_20210526_113523-300x186.jpg\" alt=\"Bucht von Saint Tropez\" width=\"300\" height=\"186\" srcset=\"https:\/\/www.maisonazur-cogolin.de\/wp-content\/uploads\/2021\/06\/IMG_20210526_113523-300x186.jpg 300w, https:\/\/www.maisonazur-cogolin.de\/wp-content\/uploads\/2021\/06\/IMG_20210526_113523-1024x634.jpg 1024w, https:\/\/www.maisonazur-cogolin.de\/wp-content\/uploads\/2021\/06\/IMG_20210526_113523-768x476.jpg 768w, https:\/\/www.maisonazur-cogolin.de\/wp-content\/uploads\/2021\/06\/IMG_20210526_113523-1536x951.jpg 1536w, https:\/\/www.maisonazur-cogolin.de\/wp-content\/uploads\/2021\/06\/IMG_20210526_113523-2048x1268.jpg 2048w\" sizes=\"auto, (max-width: 300px) 100vw, 300px\" \/><\/p>\r\n<p>Aper\u00e7u des \u00e9v\u00e9nements:&nbsp; <a href=\"https:\/\/www.frequence-sud.fr\/\" target=\"events\" rel=\"noopener\">https:\/\/www.frequence-sud.fr<\/a><\/p>\r\n<p>&nbsp;<\/p>\r\n<p>Dans le voisinage imm\u00e9diat et \u00e0 port\u00e9e de vue de la maison se trouve le village de montagne m\u00e9di\u00e9val de Grimaud avec ses 4500 habitants, qui est consid\u00e9r\u00e9 comme l\u2019un des plus beaux <img loading=\"lazy\" decoding=\"async\" class=\"alignleft size-medium wp-image-544\" src=\"https:\/\/maisonazur-cogolin.de\/wp-content\/uploads\/2022\/09\/IMG_20220416_205412-225x300.jpg\" alt=\"\" width=\"225\" height=\"300\" srcset=\"https:\/\/www.maisonazur-cogolin.de\/wp-content\/uploads\/2022\/09\/IMG_20220416_205412-225x300.jpg 225w, https:\/\/www.maisonazur-cogolin.de\/wp-content\/uploads\/2022\/09\/IMG_20220416_205412-768x1024.jpg 768w, https:\/\/www.maisonazur-cogolin.de\/wp-content\/uploads\/2022\/09\/IMG_20220416_205412-1152x1536.jpg 1152w, https:\/\/www.maisonazur-cogolin.de\/wp-content\/uploads\/2022\/09\/IMG_20220416_205412.jpg 1368w\" sizes=\"auto, (max-width: 225px) 100vw, 225px\" \/>villages de Provence. En plus de la vue magnifique sur le golfe de Saint-Tropez depuis l\u2019ancien ch\u00e2teau, l\u2019ambiance incomparable de la ville avec ses charmantes maisons, bars et restaurants o\u00f9 vous pourrez toujours profiter de l\u2019ambiance m\u00e9diterran\u00e9enne le soir.<\/p>\r\n<p><a href=\"https:\/\/www.grimaud-provence.com\/\" target=\"_blank\" rel=\"noopener\">Visit Grimaud<\/a><\/p>","protected":false},"excerpt":{"rendered":"<p>Le d\u00e9partement du Var (FR-83) est situ\u00e9 dans le sud-est de la France. Elle appartient \u00e0 la r\u00e9gion Provence-Alpes-C\u00f4te d&rsquo;Azur et a le si\u00e8ge de la pr\u00e9fecture \u00e0 Toulon. Le Var compte un peu plus d&rsquo;1 million d&rsquo;habitants dans 153 communes. C\u00f4t\u00e9 littoral, elle se situe entre les d\u00e9partements des Bouches-du-Rh\u00f4ne (Marseille) et des Alpes-Maritimes &hellip; <\/p>\n<p class=\"link-more\"><a href=\"https:\/\/www.maisonazur-cogolin.de\/fr\/die-umgebung\/departementvar\/\" class=\"more-link\">Continuer la lecture<span class=\"screen-reader-text\"> de &laquo;&nbsp;Departement Var&nbsp;&raquo;<\/span><\/a><\/p>\n","protected":false},"author":1,"featured_media":0,"parent":654,"menu_order":0,"comment_status":"closed","ping_status":"closed","template":"","meta":{"ngg_post_thumbnail":0,"footnotes":""},"class_list":["post-62","page","type-page","status-publish","hentry"],"translation":{"provider":"WPGlobus","version":"3.0.2","language":"fr","enabled_languages":["de","fr","gb"],"languages":{"de":{"title":true,"content":true,"excerpt":false},"fr":{"title":false,"content":true,"excerpt":false},"gb":{"title":true,"content":true,"excerpt":false}}},"aioseo_notices":[],"_links":{"self":[{"href":"https:\/\/www.maisonazur-cogolin.de\/fr\/wp-json\/wp\/v2\/pages\/62","targetHints":{"allow":["GET"]}}],"collection":[{"href":"https:\/\/www.maisonazur-cogolin.de\/fr\/wp-json\/wp\/v2\/pages"}],"about":[{"href":"https:\/\/www.maisonazur-cogolin.de\/fr\/wp-json\/wp\/v2\/types\/page"}],"author":[{"embeddable":true,"href":"https:\/\/www.maisonazur-cogolin.de\/fr\/wp-json\/wp\/v2\/users\/1"}],"replies":[{"embeddable":true,"href":"https:\/\/www.maisonazur-cogolin.de\/fr\/wp-json\/wp\/v2\/comments?post=62"}],"version-history":[{"count":58,"href":"https:\/\/www.maisonazur-cogolin.de\/fr\/wp-json\/wp\/v2\/pages\/62\/revisions"}],"predecessor-version":[{"id":1041,"href":"https:\/\/www.maisonazur-cogolin.de\/fr\/wp-json\/wp\/v2\/pages\/62\/revisions\/1041"}],"up":[{"embeddable":true,"href":"https:\/\/www.maisonazur-cogolin.de\/fr\/wp-json\/wp\/v2\/pages\/654"}],"wp:attachment":[{"href":"https:\/\/www.maisonazur-cogolin.de\/fr\/wp-json\/wp\/v2\/media?parent=62"}],"curies":[{"name":"wp","href":"https:\/\/api.w.org\/{rel}","templated":true}]}}